{"id":19,"date":"2024-03-26T14:09:05","date_gmt":"2024-03-26T14:09:05","guid":{"rendered":"https:\/\/lucid-ardinghelli.83-171-239-208.plesk.page\/?page_id=19"},"modified":"2024-06-19T14:32:41","modified_gmt":"2024-06-19T14:32:41","slug":"impressum","status":"publish","type":"page","link":"https:\/\/tc-medical-point.com\/tr\/damga\/","title":{"rendered":"Hakk\u0131nda"},"content":{"rendered":"<div data-elementor-type=\"wp-page\" data-elementor-id=\"19\" class=\"elementor elementor-19\" data-elementor-settings=\"{&quot;ha_cmc_init_switcher&quot;:&quot;no&quot;}\" data-elementor-post-type=\"page\">\n\t\t\t\t<div class=\"elementor-element elementor-element-b617d6b e-flex e-con-boxed e-con e-parent\" data-id=\"b617d6b\" data-element_type=\"container\" data-e-type=\"container\" data-settings=\"{&quot;_ha_eqh_enable&quot;:false}\">\n\t\t\t\t\t<div class=\"e-con-inner\">\n\t\t\t\t<div class=\"elementor-element elementor-element-ed0b792 elementor-widget elementor-widget-erecht24\" data-id=\"ed0b792\" data-element_type=\"widget\" data-e-type=\"widget\" data-widget_type=\"erecht24.default\">\n\t\t\t\t<div class=\"elementor-widget-container\">\n\t\t\t\t\t<div class=\"erecht24-elementor-widget\"><div style=\"word-wrap: break-word;\"><h1>Hakk\u0131nda<\/h1>\n\n<p>Tuncay Dan\u0131\u015fmanl\u0131k Medical Point GmbH<br \/>\nFritz-Hommel-Weg 4<br \/>\n80805 M\u00fcnih<\/p>\n\n<p>Ticari sicil: HRB 283611<br \/>\nKay\u0131t mahkemesi: M\u00fcnih B\u00f6lge Mahkemesi<\/p>\n\n<p><strong>\u0130le temsil edilen:<\/strong><br \/>\nTuncay Y\u0131ld\u0131r\u0131m<\/p>\n\n<h2>\u0130leti\u015fim<\/h2>\n<p>Telefon: +49 151 56704044<br \/>\nE-posta: info@tc-medical-point.com<\/p>\n\n<h2>AB anla\u015fmazl\u0131k \u00e7\u00f6z\u00fcm\u00fc<\/h2>\n<p>Avrupa Komisyonu \u00e7evrimi\u00e7i anla\u015fmazl\u0131k \u00e7\u00f6z\u00fcm\u00fc (OS) i\u00e7in bir platform sa\u011flar: <a href=\"https:\/\/ec.europa.eu\/consumers\/odr\/\" target=\"_blank\" rel=\"noopener noreferrer\">https:\/\/ec.europa.eu\/consumers\/odr\/<\/a>.<br \/> E-posta adresimizi yukar\u0131daki yasal bildirimde bulabilirsiniz.<\/p>\n\n<h2>T\u00fcketici anla\u015fmazl\u0131klar\u0131n\u0131n \u00e7\u00f6z\u00fcm\u00fc\/evrensel tahkim kurulu<\/h2>\n<p>T\u00fcketici hakem heyeti \u00f6n\u00fcnde uyu\u015fmazl\u0131k \u00e7\u00f6z\u00fcm s\u00fcre\u00e7lerinde yer almaya istekli veya y\u00fck\u00fcml\u00fc de\u011filiz.<\/p><\/div><\/div>\t\t\t\t<\/div>\n\t\t\t\t<\/div>\n\t\t\t\t\t<\/div>\n\t\t\t\t<\/div>\n\t\t<div class=\"elementor-element elementor-element-332c101 e-flex e-con-boxed e-con e-parent\" data-id=\"332c101\" data-element_type=\"container\" data-e-type=\"container\" data-settings=\"{&quot;_ha_eqh_enable&quot;:false}\">\n\t\t\t\t\t<div class=\"e-con-inner\">\n\t\t\t\t<div class=\"elementor-element elementor-element-3f3a013 elementor-widget elementor-widget-text-editor\" data-id=\"3f3a013\" data-element_type=\"widget\" data-e-type=\"widget\" data-widget_type=\"text-editor.default\">\n\t\t\t\t<div class=\"elementor-widget-container\">\n\t\t\t\t\t\t\t\t\t<p><a href=\"https:\/\/heinrich-marketing.de\/\" target=\"_blank\" rel=\"noopener\">Web tasar\u0131m\u0131 ve \u00e7evrimi\u00e7i pazarlama<\/a> Heinrich Pazarlama taraf\u0131ndan.<\/p>\t\t\t\t\t\t\t\t<\/div>\n\t\t\t\t<\/div>\n\t\t\t\t\t<\/div>\n\t\t\t\t<\/div>\n\t\t\t\t<\/div>","protected":false},"excerpt":{"rendered":"<p>Impressum Tuncay Consulting Medical Point GmbH Fritz-Hommel-Weg 4 80805 M&uuml;nchen Handelsregister: HRB 283611 Registergericht: Amtsgericht M&uuml;nchen Vertreten durch: Tuncay Yildirim Kontakt Telefon: +49 151 56704044 E-Mail: info@tc-medical-point.com EU-Streitschlichtung Die Europ&auml;ische Kommission stellt eine Plattform zur Online-Streitbeilegung (OS) bereit: https:\/\/ec.europa.eu\/consumers\/odr\/. Unsere E-Mail-Adresse finden Sie oben im Impressum. Verbraucher&shy;streit&shy;beilegung\/Universal&shy;schlichtungs&shy;stelle Wir sind nicht bereit oder verpflichtet, an Streitbeilegungsverfahren [&hellip;]<\/p>\n","protected":false},"author":1,"featured_media":0,"parent":0,"menu_order":0,"comment_status":"closed","ping_status":"closed","template":"","meta":{"_seopress_robots_primary_cat":"","_seopress_titles_title":"Tuncay Consulting Medical Point GmbH in M\u00fcnchen","_seopress_titles_desc":"Kompetente Beratung in medizinischen Fragen durch die Tuncay Consulting Medical Point GmbH in M\u00fcnchen. Kontaktieren Sie uns unter +49 151 56704044.","_seopress_robots_index":"","footnotes":""},"class_list":["post-19","page","type-page","status-publish","hentry"],"_links":{"self":[{"href":"https:\/\/tc-medical-point.com\/tr\/wp-json\/wp\/v2\/pages\/19","targetHints":{"allow":["GET"]}}],"collection":[{"href":"https:\/\/tc-medical-point.com\/tr\/wp-json\/wp\/v2\/pages"}],"about":[{"href":"https:\/\/tc-medical-point.com\/tr\/wp-json\/wp\/v2\/types\/page"}],"author":[{"embeddable":true,"href":"https:\/\/tc-medical-point.com\/tr\/wp-json\/wp\/v2\/users\/1"}],"replies":[{"embeddable":true,"href":"https:\/\/tc-medical-point.com\/tr\/wp-json\/wp\/v2\/comments?post=19"}],"version-history":[{"count":7,"href":"https:\/\/tc-medical-point.com\/tr\/wp-json\/wp\/v2\/pages\/19\/revisions"}],"predecessor-version":[{"id":688,"href":"https:\/\/tc-medical-point.com\/tr\/wp-json\/wp\/v2\/pages\/19\/revisions\/688"}],"wp:attachment":[{"href":"https:\/\/tc-medical-point.com\/tr\/wp-json\/wp\/v2\/media?parent=19"}],"curies":[{"name":"wp","href":"https:\/\/api.w.org\/{rel}","templated":true}]}}